{"id":9273,"date":"2014-09-18T13:18:41","date_gmt":"2014-09-18T13:18:41","guid":{"rendered":"http:\/\/www.bijus.eu\/?page_id=9273"},"modified":"2014-09-18T13:18:41","modified_gmt":"2014-09-18T13:18:41","slug":"bijus-dissertationspreis-2014","status":"publish","type":"page","link":"https:\/\/www.bijus.eu\/?page_id=9273","title":{"rendered":"Bijus Dissertationspreis  2014"},"content":{"rendered":"<p>Mit dem BIJUS-Dissertationspreis des Centre Juridique Franco-Allemand an der Universit\u00e4t des Saarlandes soll eine Dissertationsarbeit ausgezeichnet werden, die sich entweder in franz\u00f6sischer Sprache mit Themen des deutschen Rechts auseinandergesetzt hat, oder eine rechtsvergleichende Untersuchung vorgenommen hat.<\/p>\n<p>NB: der Kreis der Kandidaten wird nicht durch Kriterien der Staatsangeh\u00f6rigkeit oder der Vorlage der Dissertation an einer bestimmten Universit\u00e4t eingeschr\u00e4nkt.<\/p>\n<p>Die zweite Ausgabe des Preises (2014) wird am 1. Juli 2014 er\u00f6ffnet.<\/p>\n<p>&nbsp;<\/p>\n<p>Bewerbungen k\u00f6nnen ab dem 1. Juli 2014 bis zum 31. Oktober 2014 eingereicht werden.<\/p>\n<p>&nbsp;<\/p>\n<p>Angenommen werden nur Dissertationen, die \u00a0zwischen dem 1. September 2011 und dem 30. August 2014 vorgetragen wurden.<\/p>\n<p>&nbsp;<\/p>\n<p>Die Teilnahmebedingungen sowie die Zusammensetzung des Jurys entnehmen Sie dem nachstehenden Text:<\/p>\n<p>&nbsp;<\/p>\n<p>[gview file=\u00a0\u00bbhttp:\/\/www.bijus.eu\/files\/PRIXBIJUS_REGLEMENT_20141.pdf\u00a0\u00bb]<\/p>\n<p>&nbsp;<\/p>\n<p>[gview file=\u00a0\u00bbhttp:\/\/www.bijus.eu\/files\/PRIXBIJUS_Listemembres_2014.pdf\u00a0\u00bb]<\/p>\n","protected":false},"excerpt":{"rendered":"<p>Mit dem BIJUS-Dissertationspreis des Centre Juridique Franco-Allemand an der Universit\u00e4t des Saarlandes soll eine Dissertationsarbeit ausgezeichnet werden, die sich entweder in franz\u00f6sischer Sprache mit Themen des deutschen Rechts auseinandergesetzt hat, oder eine rechtsvergleichende Untersuchung vorgenommen hat. NB: der Kreis der Kandidaten wird nicht durch Kriterien der Staatsangeh\u00f6rigkeit oder der Vorlage der Dissertation an einer bestimmten Universit\u00e4t eingeschr\u00e4nkt. Die zweite Ausgabe des Preises (2014) wird am 1. Juli 2014 er\u00f6ffnet. &nbsp; Bewerbungen k\u00f6nnen ab dem 1. Juli 2014 bis zum 31. Oktober 2014 eingereicht werden. &nbsp; Angenommen werden nur Dissertationen, die \u00a0zwischen dem 1. September 2011 und dem 30. August 2014 vorgetragen wurden. &nbsp; Die Teilnahmebedingungen sowie die Zusammensetzung des Jurys entnehmen Sie dem nachstehenden Text: &nbsp; [gview file=\u00a0\u00bbhttp:\/\/www.bijus.eu\/files\/PRIXBIJUS_REGLEMENT_20141.pdf\u00a0\u00bb] &nbsp; [gview file=\u00a0\u00bbhttp:\/\/www.bijus.eu\/files\/PRIXBIJUS_Listemembres_2014.pdf\u00a0\u00bb]<\/p>\n","protected":false},"author":1,"featured_media":0,"parent":0,"menu_order":0,"comment_status":"open","ping_status":"open","template":"","meta":{"_et_pb_use_builder":"","_et_pb_old_content":"","footnotes":""},"class_list":["post-9273","page","type-page","status-publish","hentry"],"_links":{"self":[{"href":"https:\/\/www.bijus.eu\/index.php?rest_route=\/wp\/v2\/pages\/9273","targetHints":{"allow":["GET"]}}],"collection":[{"href":"https:\/\/www.bijus.eu\/index.php?rest_route=\/wp\/v2\/pages"}],"about":[{"href":"https:\/\/www.bijus.eu\/index.php?rest_route=\/wp\/v2\/types\/page"}],"author":[{"embeddable":true,"href":"https:\/\/www.bijus.eu\/index.php?rest_route=\/wp\/v2\/users\/1"}],"replies":[{"embeddable":true,"href":"https:\/\/www.bijus.eu\/index.php?rest_route=%2Fwp%2Fv2%2Fcomments&post=9273"}],"version-history":[{"count":0,"href":"https:\/\/www.bijus.eu\/index.php?rest_route=\/wp\/v2\/pages\/9273\/revisions"}],"wp:attachment":[{"href":"https:\/\/www.bijus.eu\/index.php?rest_route=%2Fwp%2Fv2%2Fmedia&parent=9273"}],"curies":[{"name":"wp","href":"https:\/\/api.w.org\/{rel}","templated":true}]}}