{"id":8038,"date":"2014-09-18T13:18:41","date_gmt":"2012-05-08T17:57:07","guid":{"rendered":"http:\/\/www.revuegeneraledudroit.eu\/bijustest\/?page_id=8038"},"modified":"2014-09-18T12:23:39","modified_gmt":"2014-09-18T12:23:39","slug":"prix-de-these-bijus","status":"publish","type":"page","link":"https:\/\/www.bijus.eu\/?page_id=8038","title":{"rendered":"Prix de th\u00e8se BIJUS 2014"},"content":{"rendered":"<p><span style=\"color: #000000;\">\u00a0<\/span><\/p>\n<p><span style=\"color: #000000;\">Le prix de th\u00e8se BIJUS du Centre juridique franco-allemand de l\u2019Universit\u00e9 de la Sarre a pour objet de r\u00e9compenser une th\u00e8se de droit r\u00e9dig\u00e9e en langue fran\u00e7aise portant sur le droit allemand ou sur une comparaison avec le droit allemand.<\/span><br \/>\n<span style=\"color: #000000;\"> NB : Il n\u2019existe aucune condition de nationalit\u00e9 du candidat ou de l\u2019Universit\u00e9 aupr\u00e8s de laquelle la th\u00e8se a \u00e9t\u00e9 soutenue.<\/span><\/p>\n<p><strong>La seconde \u00e9dition du prix (2014) est ouverte au 1er juillet 2014.<\/strong><\/p>\n<p>Le d\u00e9p\u00f4t des dossiers est ouvert du 1er juillet\u00a02014\u00a0au <strong>31\u00a0octobre\u00a02014<\/strong>.<\/p>\n<p><span style=\"color: #000000;\">Seront recevables les th\u00e8ses soutenues entre le 1er septembre 2011\u00a0et le 30\u00a0ao\u00fbt 2014.<\/span><\/p>\n<p>Vous trouverez ci-dessous le r\u00e8glement du prix 2014, ainsi que la liste des membres du jury :<\/p>\n<p>[gview file=\u00a0\u00bbhttp:\/\/www.bijus.eu\/files\/PRIXBIJUS_REGLEMENT_20141.pdf\u00a0\u00bb]<\/p>\n<p>&nbsp;<\/p>\n<p>[gview file=\u00a0\u00bbhttp:\/\/www.bijus.eu\/files\/PRIXBIJUS_Listemembres_2014.pdf\u00a0\u00bb]<\/p>\n","protected":false},"excerpt":{"rendered":"<p>\u00a0 Le prix de th\u00e8se BIJUS du Centre juridique franco-allemand de l\u2019Universit\u00e9 de la Sarre a pour objet de r\u00e9compenser une th\u00e8se de droit r\u00e9dig\u00e9e en langue fran\u00e7aise portant sur le droit allemand ou sur une comparaison avec le droit allemand. NB : Il n\u2019existe aucune condition de nationalit\u00e9 du candidat ou de l\u2019Universit\u00e9 aupr\u00e8s de laquelle la th\u00e8se a \u00e9t\u00e9 soutenue. La seconde \u00e9dition du prix (2014) est ouverte au 1er juillet 2014. Le d\u00e9p\u00f4t des dossiers est ouvert du 1er juillet\u00a02014\u00a0au 31\u00a0octobre\u00a02014. Seront recevables les th\u00e8ses soutenues entre le 1er septembre 2011\u00a0et le 30\u00a0ao\u00fbt 2014. Vous trouverez ci-dessous le r\u00e8glement du prix 2014, ainsi que la liste des membres du jury : [gview file=\u00a0\u00bbhttp:\/\/www.bijus.eu\/files\/PRIXBIJUS_REGLEMENT_20141.pdf\u00a0\u00bb] &nbsp; [gview file=\u00a0\u00bbhttp:\/\/www.bijus.eu\/files\/PRIXBIJUS_Listemembres_2014.pdf\u00a0\u00bb]<\/p>\n","protected":false},"author":1,"featured_media":0,"parent":0,"menu_order":0,"comment_status":"open","ping_status":"open","template":"","meta":{"_et_pb_use_builder":"","_et_pb_old_content":"","footnotes":""},"class_list":["post-8038","page","type-page","status-publish","hentry"],"_links":{"self":[{"href":"https:\/\/www.bijus.eu\/index.php?rest_route=\/wp\/v2\/pages\/8038","targetHints":{"allow":["GET"]}}],"collection":[{"href":"https:\/\/www.bijus.eu\/index.php?rest_route=\/wp\/v2\/pages"}],"about":[{"href":"https:\/\/www.bijus.eu\/index.php?rest_route=\/wp\/v2\/types\/page"}],"author":[{"embeddable":true,"href":"https:\/\/www.bijus.eu\/index.php?rest_route=\/wp\/v2\/users\/1"}],"replies":[{"embeddable":true,"href":"https:\/\/www.bijus.eu\/index.php?rest_route=%2Fwp%2Fv2%2Fcomments&post=8038"}],"version-history":[{"count":0,"href":"https:\/\/www.bijus.eu\/index.php?rest_route=\/wp\/v2\/pages\/8038\/revisions"}],"wp:attachment":[{"href":"https:\/\/www.bijus.eu\/index.php?rest_route=%2Fwp%2Fv2%2Fmedia&parent=8038"}],"curies":[{"name":"wp","href":"https:\/\/api.w.org\/{rel}","templated":true}]}}