{"id":13976,"date":"2025-12-01T22:42:09","date_gmt":"2025-12-01T22:42:09","guid":{"rendered":"https:\/\/www.bijus.eu\/?page_id=13976"},"modified":"2025-12-03T19:54:10","modified_gmt":"2025-12-03T19:54:10","slug":"octroi-du-prix-de-these-bijus-2024","status":"publish","type":"page","link":"https:\/\/www.bijus.eu\/?page_id=13976","title":{"rendered":"Octroi du Prix de th\u00e8se Bijus 2024"},"content":{"rendered":"<p>[et_pb_section fb_built=\u00a0\u00bb1&Prime; _builder_version=\u00a0\u00bb3.29.3&Prime; background_color=\u00a0\u00bb#e02b20&Prime; fb_built=\u00a0\u00bb1&Prime; _i=\u00a0\u00bb0&Prime; _address=\u00a0\u00bb0&Prime;][et_pb_row column_structure=\u00a0\u00bb2_3,1_3&Prime; _builder_version=\u00a0\u00bb3.29.3&Prime; _i=\u00a0\u00bb0&Prime; _address=\u00a0\u00bb0.0&Prime;][et_pb_column type=\u00a0\u00bb2_3&Prime; _builder_version=\u00a0\u00bb3.29.3&Prime; _i=\u00a0\u00bb0&Prime; _address=\u00a0\u00bb0.0.0&Prime;][et_pb_text _builder_version=\u00a0\u00bb3.29.3&Prime; text_text_color=\u00a0\u00bb#ffffff\u00a0\u00bb _i=\u00a0\u00bb0&Prime; _address=\u00a0\u00bb0.0.0.0&Prime;]<\/p>\n<h1><strong><span style=\"color: #ffffff;\">Octroi du Bijus-Dissertationspreis (Premier Prix)<\/span><\/strong><\/h1>\n<p>Le prix de th\u00e8se Bijus 2024 (Premier Prix) a \u00e9t\u00e9 attribu\u00e9 \u00e0 Monsieur Johannes von Lintig pour sa th\u00e8se \u201eAusgleichsleistungen f\u00fcr Kulturg\u00fcterverluste w\u00e4hrend\u00a0der Zeit des Nationalsozialismus in Frankreich\u201c<\/p>\n<p>[\/et_pb_text][\/et_pb_column][et_pb_column type=\u00a0\u00bb1_3&Prime; _builder_version=\u00a0\u00bb3.29.3&Prime; _i=\u00a0\u00bb1&Prime; _address=\u00a0\u00bb0.0.1&Prime;][et_pb_image src=\u00a0\u00bbhttps:\/\/www.bijus.eu\/files\/Lintig_rond.png\u00a0\u00bb _builder_version=\u00a0\u00bb3.29.3&Prime; width=\u00a0\u00bb56%\u00a0\u00bb _i=\u00a0\u00bb0&Prime; _address=\u00a0\u00bb0.0.1.0&Prime;][\/et_pb_image][\/et_pb_column][\/et_pb_row][\/et_pb_section][et_pb_section fb_built=\u00a0\u00bb1&Prime; specialty=\u00a0\u00bbon\u00a0\u00bb _builder_version=\u00a0\u00bb3.29.3&Prime; fb_built=\u00a0\u00bb1&Prime; _i=\u00a0\u00bb1&Prime; _address=\u00a0\u00bb1&Prime; custom_padding=\u00a0\u00bb||5px|||\u00a0\u00bb][et_pb_column type=\u00a0\u00bb1_2&Prime; _builder_version=\u00a0\u00bb3.25&Prime; custom_padding=\u00a0\u00bb|||\u00a0\u00bb _i=\u00a0\u00bb0&Prime; _address=\u00a0\u00bb1.0&Prime; custom_padding__hover=\u00a0\u00bb|||\u00a0\u00bb][et_pb_text _builder_version=\u00a0\u00bb3.29.3&Prime; hover_enabled=\u00a0\u00bb0&Prime; _i=\u00a0\u00bb0&Prime; _address=\u00a0\u00bb1.0.0&Prime;]<\/p>\n<p>Le \u00ab\u00a0Bijus-Dissertationspreis\u00a0\u00bb 2024 a \u00e9t\u00e9 remis dans le cadre du Jubil\u00e9 des 70 ans du Centre juridique franco-allemand (CJFA) lors de la c\u00e9r\u00e9monie de cl\u00f4ture de remise des dipl\u00f4mes le 29 novembre 2025. Le prix est d\u00e9livr\u00e9 gr\u00e2ce au soutien financier de la Universit\u00e4tsgesellschaft des Saarlandes e.V.<\/p>\n<p>Lors de sa d\u00e9lib\u00e9ration, le jury a \u00e9galement d\u00e9livr\u00e9 un \u00ab\u00a0Prix de Th\u00e8se Bijus\u00a0\u00bb sans dotation financi\u00e8re \u00e0 la th\u00e8se en langue fran\u00e7aise\u00a0 \u00e0\u00a0Rodolphe ROYAL,\u00a0\u201eLes limites constitutionnelles \u00e0 la privatisation. \u00c9tude de droit compar\u00e9 (Allemagne, France, Royaume-Uni)\u00a0\u00bb.<\/p>\n<p>Les trois finalistes du prix de th\u00e8se \u00ab\u00a0Bijus-Dissertationspreis\u00a0\u00bb \u00e9taient les suivants :<\/p>\n<ul>\n<li>BACH Moritz, \u201eZwischen contrat de mandat und Abstraktionsprinzip: Das Stellvertretungsrecht in der els\u00e4ssischen Gerichtspraxis in den Jahren 1871\u20131900&Prime;<\/li>\n<li>GERHOLD Maximilian, \u201eAnwaltliche Berufsaus\u00fcbung im Dienste des Rechtsstaats: Eine grundrechtsdogmatische deutsch-franz\u00f6sische Studie\u00a0\u00bb<\/li>\n<li><strong>VON LINTIG Johannes, \u201eAusgleichsleistungen f\u00fcr Kulturg\u00fcterverluste w\u00e4hrend der Zeit des Nationalsozialismus in Frankreich\u00a0\u00bb<\/strong><\/li>\n<\/ul>\n<p>Les trois th\u00e8ses \u00e9taient d&rsquo;une qualit\u00e9 exceptionnelle mais le choix du jury s&rsquo;est port\u00e9 sur la th\u00e8se de Monsieur von Lintig.<\/p>\n<p>Le \u00ab\u00a0Bijus-Dissertationspreis\u00a0\u00bb est dot\u00e9 de la somme de 1000 \u20ac.<\/p>\n<p>[\/et_pb_text][\/et_pb_column][et_pb_column type=\u00a0\u00bb1_2&Prime; specialty_columns=\u00a0\u00bb2&Prime; _builder_version=\u00a0\u00bb3.25&Prime; custom_padding=\u00a0\u00bb|||\u00a0\u00bb _i=\u00a0\u00bb1&Prime; _address=\u00a0\u00bb1.1&Prime; custom_padding__hover=\u00a0\u00bb|||\u00a0\u00bb][et_pb_row_inner _builder_version=\u00a0\u00bb3.29.3&Prime; _i=\u00a0\u00bb0&Prime; _address=\u00a0\u00bb1.1.0&Prime;][et_pb_column_inner saved_specialty_column_type=\u00a0\u00bb1_2&Prime; _builder_version=\u00a0\u00bb3.29.3&Prime; _i=\u00a0\u00bb0&Prime; _address=\u00a0\u00bb1.1.0.0&Prime;][et_pb_gallery gallery_ids=\u00a0\u00bb13991,13992,13993&Prime; fullwidth=\u00a0\u00bbon\u00a0\u00bb _builder_version=\u00a0\u00bb3.29.3&Prime; _i=\u00a0\u00bb0&Prime; _address=\u00a0\u00bb1.1.0.0.0&Prime;][\/et_pb_gallery][\/et_pb_column_inner][\/et_pb_row_inner][\/et_pb_column][\/et_pb_section][et_pb_section fb_built=\u00a0\u00bb1&Prime; _builder_version=\u00a0\u00bb3.29.3&Prime; fb_built=\u00a0\u00bb1&Prime; _i=\u00a0\u00bb2&Prime; _address=\u00a0\u00bb2&Prime;][et_pb_row _builder_version=\u00a0\u00bb3.29.3&Prime; _i=\u00a0\u00bb0&Prime; _address=\u00a0\u00bb2.0&Prime; min_height=\u00a0\u00bb314.7px\u00a0\u00bb][et_pb_column type=\u00a0\u00bb4_4&Prime; _builder_version=\u00a0\u00bb3.29.3&Prime; _i=\u00a0\u00bb0&Prime; _address=\u00a0\u00bb2.0.0&Prime;][et_pb_text _builder_version=\u00a0\u00bb3.29.3&Prime; hover_enabled=\u00a0\u00bb0&Prime; _i=\u00a0\u00bb0&Prime; _address=\u00a0\u00bb2.0.0.0&Prime; custom_margin=\u00a0\u00bb-69px|||||\u00a0\u00bb]<\/p>\n<p>Lors de la m\u00eame s\u00e9ance le jury du prix de th\u00e8se Bijus s&rsquo;est prononc\u00e9 sur les th\u00e8ses en langue fran\u00e7aise.<\/p>\n<p>Le jury a relev\u00e9 que le nombre des candidats pour les th\u00e8ses en langue fran\u00e7aise \u00e9tait bien moindre.<\/p>\n<p>Il a cependant d\u00e9cid\u00e9 de d\u00e9livr\u00e9 un simple Prix Bijus, non dot\u00e9 d&rsquo;un prix en argent, \u00e0 la th\u00e8se suivante qui \u00e9t\u00e9 jug\u00e9e de grande qualit\u00e9 et pr\u00e9sentant une int\u00e9ressante \u00e9tude du droit allemand en langue fran\u00e7aise :<\/p>\n<p><strong>Rodolphe ROYAL,\u00a0\u201eLes limites constitutionnelles \u00e0 la privatisation. \u00c9tude de droit compar\u00e9 (Allemagne, France, Royaume-Uni)\u00a0\u00bb<\/strong>.<\/p>\n<p><span style=\"font-size: 14px;\">Nos f\u00e9licitations vont aux deux r\u00e9cipiendaires du prix de th\u00e8se Bijus 2024.<\/span><\/p>\n<p><span style=\"font-size: 14px;\">Le jury \u00e9tait ainsi compos\u00e9 :\u00a0<\/span><\/p>\n<ul>\n<li><span>Prof. Dr. Roland Michael Beckmann, Universit\u00e4t des Saarlandes<\/span><\/li>\n<li><span>Prof. Dr. Jean-S\u00e9bastien Borghetti, Universit\u00e9 Paris Panth\u00e9on-Assas<\/span><\/li>\n<li><span>Prof. Dr. Tiziana Chiusi, , Universit\u00e4t des Saarlandes<\/span><\/li>\n<li><span>Prof. Dr. Philippe Cossalter, Universit\u00e4t des Saarlandes<\/span><\/li>\n<li><span>Prof. Dr. Julien Dubarry, Universit\u00e4t des Saarlandes<\/span><\/li>\n<li><span>Prof. Dr. Aurore Gaillet, Universit\u00e9 Toulouse Capitole<\/span><\/li>\n<li><span>Prof. Dr. Annette Guckelberger, Universit\u00e4t des Saarlandes<\/span><\/li>\n<li><span>Prof. Dr. J\u00f6rg Gundel, Universit\u00e4t Bayreuth<\/span><\/li>\n<li><span>Prof. Dr. Jan Henrik Klement, Albert-Ludwigs-Universit\u00e4t Freiburg<\/span><\/li>\n<li><span>Prof. Dr. Jocelyne Leblois-Happe, Universit\u00e9 de Strasbourg<\/span><\/li>\n<li><span>Prof. Dr. Anne-Marie Matusche-Beckmann, Universit\u00e4t des Saarlandes<\/span><\/li>\n<li><span>Prof. Dr. Hughes Rabault, Universit\u00e9 Evry Val d\u2018Essone<\/span><\/li>\n<li><span>Prof. Dr. Ulrich Stelkens, Deutsche Universit\u00e4t f\u00fcr Verwaltungswissenschaften Speyer<\/span><\/li>\n<li><span>Prof. Dr. Carl-Friedrich Stuckenberg, Universit\u00e4t Bonn<\/span><\/li>\n<li><span>Prof. Dr. Dr. h.c. Claude Witz, Universit\u00e4t des Saarlandes<\/span><\/li>\n<\/ul>\n<p>[\/et_pb_text][\/et_pb_column][\/et_pb_row][\/et_pb_section]<\/p>\n","protected":false},"excerpt":{"rendered":"<p>[et_pb_section fb_built=\u00a0\u00bb1&Prime; _builder_version=\u00a0\u00bb3.29.3&Prime; background_color=\u00a0\u00bb#e02b20&Prime; fb_built=\u00a0\u00bb1&Prime; _i=\u00a0\u00bb0&Prime; _address=\u00a0\u00bb0&Prime;][et_pb_row column_structure=\u00a0\u00bb2_3,1_3&Prime; _builder_version=\u00a0\u00bb3.29.3&Prime; _i=\u00a0\u00bb0&Prime; _address=\u00a0\u00bb0.0&Prime;][et_pb_column type=\u00a0\u00bb2_3&Prime; _builder_version=\u00a0\u00bb3.29.3&Prime; _i=\u00a0\u00bb0&Prime; _address=\u00a0\u00bb0.0.0&Prime;][et_pb_text _builder_version=\u00a0\u00bb3.29.3&Prime; text_text_color=\u00a0\u00bb#ffffff\u00a0\u00bb _i=\u00a0\u00bb0&Prime; _address=\u00a0\u00bb0.0.0.0&Prime;] Octroi du Bijus-Dissertationspreis (Premier Prix) Le prix de th\u00e8se Bijus 2024 (Premier Prix) a \u00e9t\u00e9 attribu\u00e9 \u00e0 Monsieur Johannes von Lintig pour sa th\u00e8se \u201eAusgleichsleistungen f\u00fcr Kulturg\u00fcterverluste w\u00e4hrend\u00a0der Zeit des Nationalsozialismus in Frankreich\u201c [\/et_pb_text][\/et_pb_column][et_pb_column type=\u00a0\u00bb1_3&Prime; _builder_version=\u00a0\u00bb3.29.3&Prime; _i=\u00a0\u00bb1&Prime; _address=\u00a0\u00bb0.0.1&Prime;][et_pb_image src=\u00a0\u00bbhttps:\/\/www.bijus.eu\/files\/Lintig_rond.png\u00a0\u00bb _builder_version=\u00a0\u00bb3.29.3&Prime; width=\u00a0\u00bb56%\u00a0\u00bb _i=\u00a0\u00bb0&Prime; _address=\u00a0\u00bb0.0.1.0&Prime;][\/et_pb_image][\/et_pb_column][\/et_pb_row][\/et_pb_section][et_pb_section fb_built=\u00a0\u00bb1&Prime; specialty=\u00a0\u00bbon\u00a0\u00bb _builder_version=\u00a0\u00bb3.29.3&Prime; fb_built=\u00a0\u00bb1&Prime; _i=\u00a0\u00bb1&Prime; _address=\u00a0\u00bb1&Prime; custom_padding=\u00a0\u00bb||5px|||\u00a0\u00bb][et_pb_column type=\u00a0\u00bb1_2&Prime; _builder_version=\u00a0\u00bb3.25&Prime; custom_padding=\u00a0\u00bb|||\u00a0\u00bb _i=\u00a0\u00bb0&Prime; _address=\u00a0\u00bb1.0&Prime; custom_padding__hover=\u00a0\u00bb|||\u00a0\u00bb][et_pb_text _builder_version=\u00a0\u00bb3.29.3&Prime; hover_enabled=\u00a0\u00bb0&Prime; _i=\u00a0\u00bb0&Prime; _address=\u00a0\u00bb1.0.0&Prime;] Le \u00ab\u00a0Bijus-Dissertationspreis\u00a0\u00bb 2024 a \u00e9t\u00e9 remis dans le cadre du Jubil\u00e9 des 70 ans du Centre juridique franco-allemand (CJFA) lors de la c\u00e9r\u00e9monie de cl\u00f4ture de remise des dipl\u00f4mes le 29 novembre 2025. Le prix est d\u00e9livr\u00e9 gr\u00e2ce au soutien financier de la Universit\u00e4tsgesellschaft des Saarlandes e.V. Lors de sa d\u00e9lib\u00e9ration, le jury a \u00e9galement d\u00e9livr\u00e9 un \u00ab\u00a0Prix de Th\u00e8se Bijus\u00a0\u00bb sans dotation financi\u00e8re \u00e0 la th\u00e8se en langue fran\u00e7aise\u00a0 \u00e0\u00a0Rodolphe [&hellip;]<\/p>\n","protected":false},"author":205,"featured_media":0,"parent":0,"menu_order":0,"comment_status":"closed","ping_status":"closed","template":"","meta":{"_et_pb_use_builder":"on","_et_pb_old_content":"","footnotes":""},"class_list":["post-13976","page","type-page","status-publish","hentry"],"_links":{"self":[{"href":"https:\/\/www.bijus.eu\/index.php?rest_route=\/wp\/v2\/pages\/13976","targetHints":{"allow":["GET"]}}],"collection":[{"href":"https:\/\/www.bijus.eu\/index.php?rest_route=\/wp\/v2\/pages"}],"about":[{"href":"https:\/\/www.bijus.eu\/index.php?rest_route=\/wp\/v2\/types\/page"}],"author":[{"embeddable":true,"href":"https:\/\/www.bijus.eu\/index.php?rest_route=\/wp\/v2\/users\/205"}],"replies":[{"embeddable":true,"href":"https:\/\/www.bijus.eu\/index.php?rest_route=%2Fwp%2Fv2%2Fcomments&post=13976"}],"version-history":[{"count":0,"href":"https:\/\/www.bijus.eu\/index.php?rest_route=\/wp\/v2\/pages\/13976\/revisions"}],"wp:attachment":[{"href":"https:\/\/www.bijus.eu\/index.php?rest_route=%2Fwp%2Fv2%2Fmedia&parent=13976"}],"curies":[{"name":"wp","href":"https:\/\/api.w.org\/{rel}","templated":true}]}}