{"id":10044,"date":"2015-05-21T21:58:17","date_gmt":"2015-05-21T21:43:17","guid":{"rendered":"http:\/\/www.bijus.eu\/?page_id=10044"},"modified":"2025-05-08T14:31:51","modified_gmt":"2025-05-08T14:31:51","slug":"etudes-et-documents-du-centre-juridique-franco-allemand","status":"publish","type":"page","link":"https:\/\/www.bijus.eu\/?page_id=10044","title":{"rendered":"Etudes et documents du Centre juridique franco-allemand"},"content":{"rendered":"<p style=\"text-align: justify\">A partir du d\u00e9but des ann\u00e9es 1980, le Centre juridique franco-allemand a \u00e9dit\u00e9 deux s\u00e9ries de documents : les Etudes et documents (du Centre d\u2019\u00e9tudes juridiques fran\u00e7aises EDCEJF, puis du Centre juridique franco-allemand) et les Cahiers juridiques franco-allemands.<\/p>\n<p style=\"text-align: justify\">Les Etudes et documents r\u00e9unissaient essentiellement des traductions de textes propos\u00e9es par ailleurs dans BIJUS, notamment la traduction allemande de la constitution fran\u00e7aise et la traduction fran\u00e7aise de la constitution allemande.<\/p>\n<p style=\"text-align: justify\">La liste des publications des EDCJFA est propos\u00e9e sur ce site.<\/p>\n<p style=\"text-align: justify\">BIJUS propose d\u00e9sormais\u00a0l\u2019archive librement t\u00e9l\u00e9chargeable des Etudes et documents et proposera dans les formats les plus modernes les prochaines Etudes et documents du CJFA, qui r\u00e9uniront d\u00e9sormais indiff\u00e9remment textes traduits, r\u00e9\u00e9ditions et travaux de recherches.<\/p>\n<p style=\"text-align: justify\">Les EDCJFA constituent d\u00e9sormais une collection au sein des Editions juridiques franco-allemandes.<\/p>\n<p style=\"text-align: justify\">Les EJFA, maison d\u2019\u00e9dition d\u00e9di\u00e9e \u00e0 la publication de travaux universitaires en droit fran\u00e7ais et en droit allemand, propose des ouvrages imprim\u00e9s et des ouvrages \u00e9lectroniques.<\/p>\n<p style=\"text-align: justify\">Les ouvrages imprim\u00e9s b\u00e9n\u00e9ficient du support d\u2019OmniScriptum, \u00e9diteur d\u2019ouvrages \u00e0 la demande bas\u00e9 \u00e0 Sarrebruck. Le site des \u00e9ditions papier est accessible \u00e0 cette adresse : <a href=\"http:\/\/www.ejfa-editions.eu\/\" target=\"_blank\">http:\/\/www.ejfa-editions.eu<\/a><\/p>\n<p style=\"text-align: justify\">Les ouvrages \u00e9lectroniques sont \u00e9dit\u00e9s par la Chaire de droit public fran\u00e7ais de l\u2019Universit\u00e9 de la Sarre, avec l\u2019aide de l\u2019association de droit fran\u00e7ais Editions juridiques franco-allemandes.<\/p>\n<p style=\"text-align: justify\">\n<h1 class=\"entry-title\">Publications aux EDCJFA<\/h1>\n<div class=\"entry-content\">\n<h2>Pr\u00e9c\u00e9demment publi\u00e9 aux Etudes et documents et aux Cahiers juridiques<\/h2>\n<h3>\u00a0<strong>\u00c9tudes et documents du CEJF\/CJFA<\/strong><\/h3>\n<ol>\n<li>Christian AUTEXIER (dir.), Le glossaire de la Loi fondamentale, Centre d\u2019\u00c9tudes Juridiques Fran\u00e7aises (CEJF), 1987, 69 pp.<\/li>\n<li>Christian AUTEXIER (dir.), La loi relative \u00e0 la cour constitutionnelle f\u00e9d\u00e9rale (Bundesverfassungsgerichtsgesetz), Centre d\u2019\u00c9tudes Juridiques Fran\u00e7aises (CEJF), 1987, 48 pp.<\/li>\n<li>Christian AUTEXIER (dir.)\/Jean-Francois FLAUSS\/Michel FROMONT\/Constance GREWE\/Olivier JOUANJAN\/Pierre KOENIG, Grundgesetz\/loi fondamentale, 5<sup>\u00e8me<\/sup> \u00e9dition synoptique bilingue, Centre juridique franco-allemand, (CJFA), 2004, 124 pp.<\/li>\n<li>Christian AUTEXIER (dir.),Constitution du 4 octobre 1958\/Die Verfassung der franz\u00f6sischen Republik, 7<sup> \u00e8me<\/sup> \u00e9dition synoptique bilingue, Centre juridique franco-allemand, (CJFA), 2009, 87 pp.<\/li>\n<li>Christian AUTEXIER (dir.), Einigungsvertrag\/Trait\u00e9 d\u2019Union, Centre d\u2019\u00c9tudes Juridiques Fran\u00e7aises (CEJF), 1991, 75 pp.<\/li>\n<li>Christian AUTEXIER (dir.),Gemeinsame lothringisch-saarl\u00e4ndische administrative Einrichtungen und Verfahrensweisen (Rechtsgutachten), Centre d\u2019\u00c9tudes Juridiques Fran\u00e7aises (CEJF), 1993, 151\u00a0pp. (+ 102\u00a0pp. appendice\/Anhang)<\/li>\n<li>Christian AUTEXIER (dir.)\/Anne CATHALY,Verwaltungsgerichtsordnung \u2013 VwGO \u2013\/Loi sur la juridiction administrative, Centre d\u2019\u00c9tudes Juridiques Fran\u00e7aises (CEJF), 1995, 113 pp.<\/li>\n<li>Christian AUTEXIER (dir.)\/Kerstin FRIED\/Denise QUECKENSTEDT\/Alexandra HOSER\/Arnhild KUDER\/Meike WOLF, \u00c9tudes comparatives, Centre d\u2019\u00c9tudes Juridiques Fran\u00e7aises (CEJF), 1995, 234 pp.<\/li>\n<li>Christian AUTEXIER (dir.) avec le concours du Landtag de Sarre, Verfassung des Saarlandes vom 15. Dezember 1947 \/ Constitution du Land de Sarre du 15 d\u00e9cembre 1947, Centre juridique franco-allemand (CJFA), 1995, 76 pp.<\/li>\n<li>Christian AUTEXIER (dir.)\/Anne CATHALY-STELKENS, Verwaltungsverfahrensgesetz \u2013 VwVfG \/ Loi sur la proc\u00e9dure administrative non-contentieuse, Centre juridique franco-allemand, (CJFA), 1996, 72 pp.<\/li>\n<li>Christian AUTEXIER (dir.),Claudia LANGE,Le statut constitutionnel de l\u2019enseignement priv\u00e9 en France, \u00e9l\u00e9ments de comparaison avec le droit allemand, Centre juridique franco-allemand \u00a0(CJFA), 1997, 58 pp.<\/li>\n<li>Christian AUTEXIER (dir.)\/Kerstin GLAAB, Einf\u00fchrung in das franz\u00f6sische Verfassungsrecht (Vorlesungsskript), Centre juridique franco-allemand \u00a0(CJFA), 1998, 98 pp.<\/li>\n<li>Christian AUTEXIER (dir.)\/Rainer GROSSHANS\/Michael WERNET, Le droit au travail \u2013 son d\u00e9veloppement et sa port\u00e9e actuelle en France et en Allemagne \u2013, Centre juridique franco-allemand (CJFA), 2000, 88 pp.<\/li>\n<li>Martin HLAWON\/Laura JAILLET, Deutsches Staatsrecht I : Eine zweisprachige Einf\u00fchrung in die Staatsgrundlagen und in das Staatsorganisationsrecht der Bundesrepublik Deutschland, 2. Auflage 2016.<\/li>\n<li>Emil KNERR, Etude comparative des syst\u00e8mes de protection juridique des minorit\u00e9s entre la France, l&rsquo;Allemagne et le Canada, 2025.<\/li>\n<\/ol>\n<h3><strong>Cahiers juridiques franco-allemands<\/strong><\/h3>\n<ol>\n<li>Claude WITZ, La coop\u00e9ration commerciale dans la convention ACP \u2013 CEE du 31 octobre 1979 de Lom\u00e9 I \u00e0 Lom\u00e9 II, Centre d\u2019\u00c9tudes Juridiques Fran\u00e7aises (CEJF), 1979, 23\u00a0pp.<\/li>\n<li>Dani\u00e8le HUET-WEILLER, Bilan de 10 ans d\u2019application de la r\u00e9forme de la filiation, conf\u00e9rence prononc\u00e9e \u00e0 Sarrebruck le 15 mai 1983 dans le cadre du \u201cDialogue franco-allemand\u201d, Centre d\u2019\u00c9tudes Juridiques Fran\u00e7aises (CEJF), 1983, 13\u00a0pp.<\/li>\n<li>Jean PRADEL, Le m\u00e9decin devant la loi p\u00e9nale, conf\u00e9rence prononc\u00e9e \u00e0 Sarrebruck le 18 novembre 1983 dans le cadre du \u201cDialogue franco-allemand\u201d, Centre d\u2019\u00c9tudes Juridiques Fran\u00e7aises (CEJF), 1984, 17\u00a0pp.<\/li>\n<li>Christian AUTEXIER, L\u2019action ext\u00e9rieure des r\u00e9gions, 1984, 50 pp.<\/li>\n<li>Ren\u00e9 ROUDAUT, Les relations commerciales et industrielles franco-allemandes, conf\u00e9rence prononc\u00e9e le 25 avril 1984 au Centre d\u2019\u00c9tudes Juridiques Fran\u00e7aises de l\u2019Universit\u00e9 de la Sarre dans le cadre du \u201cDialogue franco-allemand\u201d, 1984, 19 pp.<\/li>\n<li>Heike JUNG, Le syst\u00e8me des sanctions dans le droit p\u00e9nal des mineurs en R.F.A., conf\u00e9rence prononc\u00e9e le 30 septembre 1983 \u00e0 la Richterakademie de Tr\u00e8ves \u00e0 l\u2019occasion d\u2019un session de formation continue sur le syst\u00e8me des sanctions, traduction par Monsieur Jean-Marc Hauptmann, Centre d\u2019\u00c9tudes Juridiques Fran\u00e7aises (CEJF), 1985, 20 pp.<\/li>\n<li>Bernard BRIGOULEIX, L\u2019opinion publique fran\u00e7aise et l\u2019Allemagne dans la perspective europ\u00e9enne, r\u00e9sum\u00e9 de la conf\u00e9rence prononc\u00e9e le 22 novembre 1984 \u00e0 l\u2019Universit\u00e9 de la Sarre, Centre d\u2019\u00c9tudes Juridiques Fran\u00e7aises (CEJF), 1985, 13 pp.<\/li>\n<li>Raymond FERRETTI, La nouvelle d\u00e9centralisation et les finances locales, Centre d\u2019\u00c9tudes Juridiques Fran\u00e7aises (CEJF), 1985, 39 pp.<\/li>\n<li>Andr\u00e9 VITU, Les traits caract\u00e9ristiques de la proc\u00e9dure p\u00e9nale fran\u00e7aise, le texte reproduit les grandes lignes d\u2019une conf\u00e9rence destin\u00e9e \u00e0 l\u2019initiation de juristes allemands \u00e0 la proc\u00e9dure p\u00e9nale fran\u00e7aise et prononc\u00e9e le 10 mai 1985 \u00e0 l\u2019Universit\u00e9 de la Sarre dans le cadre du \u201cDialogue franco-allemand\u201dCentre d\u2019\u00c9tudes Juridiques Fran\u00e7aises (CEJF), 1985, 22 pp.<\/li>\n<li>Henri M\u00c9NUDIER, L\u2019Allemagne \u00e0 la t\u00e9l\u00e9vision fran\u00e7aise, Centre d\u2019\u00c9tudes Juridiques Fran\u00e7aises (CEJF), 1985, 50 pp.<\/li>\n<li>Varii auctores, Le trentenaire du Centre d\u2019\u00c9tudes Juridiques Fran\u00e7aises (15\u201325 novembre 1985), Centre d\u2019\u00c9tudes Juridiques Fran\u00e7aises (CEJF), 1985, 54\u00a0pp.<\/li>\n<li>Jean-Fran\u00e7ois FLAUSS, Le r\u00e8glement amiable devant la Cour europ\u00e9enne des Droits de l\u2019Homme, Centre d\u2019\u00c9tudes Juridiques Fran\u00e7aises (CEJF), 1986, 23\u00a0pp.<\/li>\n<li>Andr\u00e9 BRUNET, Le sort des cr\u00e9anciers dans le nouveau droit fran\u00e7ais de la faillite, Centre d\u2019\u00c9tudes Juridiques Fran\u00e7aises (CEJF), 1987, 22\u00a0pp.<\/li>\n<li>Jean PRADEL, Trente ans de politique p\u00e9nitentiaire fran\u00e7aise, Centre d\u2019\u00c9tudes Juridiques Fran\u00e7aises (CEJF), 1987, 16\u00a0pp.<\/li>\n<li>Pierre AVRIL, L\u2019influence des institutions sur les partis politiques\/Der Einflu\u00df der Verfassungsordnung auf die politischen Parteien, Centre d\u2019\u00c9tudes Juridiques Fran\u00e7aises (CEJF), 1988, 39\u00a0pp.<\/li>\n<li>Jacques ROBERT, Terrorisme et libert\u00e9s publiques\/Terrorismus und Freiheitsrechte, Centre d\u2019\u00c9tudes Juridiques Fran\u00e7aises (CEJF), 1988, 55\u00a0pp.<\/li>\n<li>Andr\u00e9 TUNC, La loi Badinter apr\u00e8s cinq ans d\u2019application, Centre d\u2019\u00c9tudes Juridiques Fran\u00e7aises (CEJF), 1991, 18\u00a0pp.<\/li>\n<li>Michel FROMONT, Asylrecht in Frankreich, Centre d\u2019\u00c9tudes Juridiques Fran\u00e7aises (CEJF), 1993, 15\u00a0pp.<\/li>\n<li>Fran\u00e7ois LUCHAIRE, L\u2019Europe et la souverainet\u00e9 des \u00e9tats, Centre d\u2019\u00c9tudes Juridiques Fran\u00e7aises (CEJF), 1994, 18\u00a0pp.<\/li>\n<\/ol>\n<\/div>\n","protected":false},"excerpt":{"rendered":"<p>A partir du d\u00e9but des ann\u00e9es 1980, le Centre juridique franco-allemand a \u00e9dit\u00e9 deux s\u00e9ries de documents : les Etudes et documents (du Centre d\u2019\u00e9tudes juridiques fran\u00e7aises EDCEJF, puis du Centre juridique franco-allemand) et les Cahiers juridiques franco-allemands. Les Etudes et documents r\u00e9unissaient essentiellement des traductions de textes propos\u00e9es par ailleurs dans BIJUS, notamment la traduction allemande de la constitution fran\u00e7aise et la traduction fran\u00e7aise de la constitution allemande. La liste des publications des EDCJFA est propos\u00e9e sur ce site. BIJUS propose d\u00e9sormais\u00a0l\u2019archive librement t\u00e9l\u00e9chargeable des Etudes et documents et proposera dans les formats les plus modernes les prochaines Etudes et documents du CJFA, qui r\u00e9uniront d\u00e9sormais indiff\u00e9remment textes traduits, r\u00e9\u00e9ditions et travaux de recherches. Les EDCJFA constituent d\u00e9sormais une collection au sein des Editions juridiques franco-allemandes. Les EJFA, maison d\u2019\u00e9dition d\u00e9di\u00e9e \u00e0 la publication de travaux universitaires en droit fran\u00e7ais et en droit allemand, propose des ouvrages imprim\u00e9s et [&hellip;]<\/p>\n","protected":false},"author":1,"featured_media":0,"parent":0,"menu_order":0,"comment_status":"open","ping_status":"open","template":"","meta":{"_et_pb_use_builder":"","_et_pb_old_content":"","footnotes":""},"class_list":["post-10044","page","type-page","status-publish","hentry"],"_links":{"self":[{"href":"https:\/\/www.bijus.eu\/index.php?rest_route=\/wp\/v2\/pages\/10044","targetHints":{"allow":["GET"]}}],"collection":[{"href":"https:\/\/www.bijus.eu\/index.php?rest_route=\/wp\/v2\/pages"}],"about":[{"href":"https:\/\/www.bijus.eu\/index.php?rest_route=\/wp\/v2\/types\/page"}],"author":[{"embeddable":true,"href":"https:\/\/www.bijus.eu\/index.php?rest_route=\/wp\/v2\/users\/1"}],"replies":[{"embeddable":true,"href":"https:\/\/www.bijus.eu\/index.php?rest_route=%2Fwp%2Fv2%2Fcomments&post=10044"}],"version-history":[{"count":0,"href":"https:\/\/www.bijus.eu\/index.php?rest_route=\/wp\/v2\/pages\/10044\/revisions"}],"wp:attachment":[{"href":"https:\/\/www.bijus.eu\/index.php?rest_route=%2Fwp%2Fv2%2Fmedia&parent=10044"}],"curies":[{"name":"wp","href":"https:\/\/api.w.org\/{rel}","templated":true}]}}